{"id":931,"date":"2023-11-27T09:39:42","date_gmt":"2023-11-27T09:39:42","guid":{"rendered":"https:\/\/dynamoseyring.at\/?page_id=931"},"modified":"2023-11-27T09:39:42","modified_gmt":"2023-11-27T09:39:42","slug":"impressum","status":"publish","type":"page","link":"https:\/\/dynamoseyring.at\/?page_id=931","title":{"rendered":"Impressum"},"content":{"rendered":"\n<p>F\u00fcr Inhalt und Text verantwortlich<\/p>\n\n\n\n<p>Hannes BRAUNSDORFER<br>Halbgasse 51<br>2201 Seyring<\/p>\n\n\n\n<p><strong>Haftungshinweis:<\/strong><\/p>\n\n\n\n<p>S\u00e4mtliche Texte auf der Webseite&nbsp; wurden sorgf\u00e4ltig gepr\u00fcft. Dessen ungeachtet kann keine Garantie f\u00fcr die Richtigkeit, Vollst\u00e4ndigkeit und Aktualit\u00e4t der Angaben \u00fcbernommen werden. Eine Haftung&nbsp; wird daher ausgeschlossen. Die Links zu anderen Webseiten wurden sorgf\u00e4ltig ausgew\u00e4hlt. Da die Betreiber dieser Webseite auf deren Inhalt keinen Einfluss haben, kann f\u00fcr diese Webseiten&nbsp;keine Verantwortung \u00fcbernommen werden.<\/p>\n","protected":false},"excerpt":{"rendered":"<p>F\u00fcr Inhalt und Text verantwortlich Hannes BRAUNSDORFERHalbgasse 512201 Seyring Haftungshinweis: S\u00e4mtliche Texte auf der Webseite&nbsp; wurden sorgf\u00e4ltig gepr\u00fcft. Dessen ungeachtet kann keine Garantie f\u00fcr die Richtigkeit, Vollst\u00e4ndigkeit und Aktualit\u00e4t der Angaben \u00fcbernommen werden. Eine Haftung&nbsp; wird daher ausgeschlossen. Die Links zu anderen Webseiten wurden sorgf\u00e4ltig ausgew\u00e4hlt. Da die Betreiber dieser&#8230;<\/p>\n","protected":false},"author":5,"featured_media":0,"parent":0,"menu_order":0,"comment_status":"closed","ping_status":"closed","template":"","meta":{"footnotes":""},"class_list":["post-931","page","type-page","status-publish","hentry"],"_links":{"self":[{"href":"https:\/\/dynamoseyring.at\/index.php?rest_route=\/wp\/v2\/pages\/931","targetHints":{"allow":["GET"]}}],"collection":[{"href":"https:\/\/dynamoseyring.at\/index.php?rest_route=\/wp\/v2\/pages"}],"about":[{"href":"https:\/\/dynamoseyring.at\/index.php?rest_route=\/wp\/v2\/types\/page"}],"author":[{"embeddable":true,"href":"https:\/\/dynamoseyring.at\/index.php?rest_route=\/wp\/v2\/users\/5"}],"replies":[{"embeddable":true,"href":"https:\/\/dynamoseyring.at\/index.php?rest_route=%2Fwp%2Fv2%2Fcomments&post=931"}],"version-history":[{"count":1,"href":"https:\/\/dynamoseyring.at\/index.php?rest_route=\/wp\/v2\/pages\/931\/revisions"}],"predecessor-version":[{"id":932,"href":"https:\/\/dynamoseyring.at\/index.php?rest_route=\/wp\/v2\/pages\/931\/revisions\/932"}],"wp:attachment":[{"href":"https:\/\/dynamoseyring.at\/index.php?rest_route=%2Fwp%2Fv2%2Fmedia&parent=931"}],"curies":[{"name":"wp","href":"https:\/\/api.w.org\/{rel}","templated":true}]}}