{"id":851,"date":"2023-11-13T12:16:50","date_gmt":"2023-11-13T12:16:50","guid":{"rendered":"https:\/\/dynamoseyring.at\/?page_id=851"},"modified":"2023-11-13T12:49:59","modified_gmt":"2023-11-13T12:49:59","slug":"laufteilnahmen-2024-informationen","status":"publish","type":"page","link":"https:\/\/dynamoseyring.at\/?page_id=851","title":{"rendered":"Laufteilnahmen 2024 &#8211; Informationen"},"content":{"rendered":"\n<p>Unsere Kinder trainieren sehr flei\u00dfig, doch nicht nur ein sinnvolles, kindgerechtes Training liegt uns am Herzen, wir wollen ebenso die Teilnahme an Laufveranstaltungen f\u00f6rdern. Auch bei diesen Veranstaltungen steht die Freude an der Bewegung im Vordergrund, bei jedem Lauf treten wir gemeinsam als Verein auf. Alle Kinder werden \u00fcber den Verein angemeldet und auch die Startgeb\u00fchr wird bei ausgew\u00e4hlten Veranstaltungen (siehe <a href=\"https:\/\/dynamoseyring.at\/?page_id=836\">Lauftermine<\/a>) vom Verein \u00fcbernommen. Etwa eine Woche vor jedem Lauf wird entweder \u00fcber die Website oder \u00fcber WhatsApp zum Lauf eingeladen &#8211; f\u00fcr alle so vorangemeldeten Kinder \u00fcbernimmt dann der Verein die Anmeldung inkl. Startgeb\u00fchr.<\/p>\n\n\n\n<p>Ein Highlight der Saison wird wieder unser j\u00e4hrliches \u201eHeimrennen\u201c, der&nbsp;<a href=\"http:\/\/www.dorfarenalauf.at\/\" target=\"_blank\" rel=\"noreferrer noopener\"><strong>DorfArenaLauf<\/strong><\/a>, der 2024 bereits zum 17. Mal ausgetragen wird, sein. Auch 2024 nehmen unsere L\u00e4uferInnen wieder am&nbsp;<strong>Weinviertler Laufcup<\/strong>&nbsp;teil. Die L\u00e4ufe finden immer am Wochenende, meistens am Samstag Nachmittag, statt.<\/p>\n\n\n\n<p>Treffpunkt ist jeweils eine halbe Stunde vor Beginn des ersten Laufs (Knirpselauf). Sandra k\u00fcmmert sich vor Ort um die Startnummernabholung und -zuteilung. Unsere Trainer w\u00e4rmen mit allen StarterInnen auf und besichtigen vor Ort die verschiedenen Laufstrecken. F\u00fcr alle motivierten, sportlichen Eltern stehen je nach Veranstaltungsort meist 2 L\u00e4ufe zur Auswahl, ein Hobbylauf \u00fcber etwa 5 km und ein Hauptlauf \u00fcber etwa 10 km. Eltern m\u00fcssen sich entweder online oder vor Ort selbst anmelden. <\/p>\n\n\n\n<p>Nach jedem Lauf gibt es noch f\u00fcr alle Klassen eine Siegerehrung und die M\u00f6glichkeit zum gem\u00fctlichen Zusammensitzen und plaudern. Wir freuen uns auf eine rege Teilnahme an den Laufbewerben in der kommenden Saison!<\/p>\n\n\n\n<h2 class=\"wp-block-heading\">Veranstaltungen organisiert von Dynamo Seyring<\/h2>\n\n\n\n<p>Diese beiden Laufveranstaltungen werden vom Verein organisiert und sind daher zwei Saisonh\u00f6hepunkte. An diesen Terminen gibt es von Vereinsseite zwei wichtige Ziele: Einerseits die Teilnahme m\u00f6glichst aller unserer Vereinskinder an den beiden L\u00e4ufen und eine zahlreiche, aktive Mitarbeit aller Eltern, Gro\u00dfeltern, Verwandten, Freunde, &#8230; Bitte notiert Euch diese beiden Termine schon jetzt in Euren Kalendern!<\/p>\n\n\n\n<p><strong>Seyringer Dorfarenalauf am<\/strong> <strong>15. Juni 2024 <\/strong><\/p>\n\n\n\n<p><strong>Gerasdorfer Stadtlauf am 21. September 2024<\/strong><\/p>\n\n\n\n<p><\/p>\n","protected":false},"excerpt":{"rendered":"<p>Unsere Kinder trainieren sehr flei\u00dfig, doch nicht nur ein sinnvolles, kindgerechtes Training liegt uns am Herzen, wir wollen ebenso die Teilnahme an Laufveranstaltungen f\u00f6rdern. Auch bei diesen Veranstaltungen steht die Freude an der Bewegung im Vordergrund, bei jedem Lauf treten wir gemeinsam als Verein auf. Alle Kinder werden \u00fcber den&#8230;<\/p>\n","protected":false},"author":6,"featured_media":0,"parent":0,"menu_order":0,"comment_status":"closed","ping_status":"closed","template":"","meta":{"footnotes":""},"class_list":["post-851","page","type-page","status-publish","hentry"],"_links":{"self":[{"href":"https:\/\/dynamoseyring.at\/index.php?rest_route=\/wp\/v2\/pages\/851","targetHints":{"allow":["GET"]}}],"collection":[{"href":"https:\/\/dynamoseyring.at\/index.php?rest_route=\/wp\/v2\/pages"}],"about":[{"href":"https:\/\/dynamoseyring.at\/index.php?rest_route=\/wp\/v2\/types\/page"}],"author":[{"embeddable":true,"href":"https:\/\/dynamoseyring.at\/index.php?rest_route=\/wp\/v2\/users\/6"}],"replies":[{"embeddable":true,"href":"https:\/\/dynamoseyring.at\/index.php?rest_route=%2Fwp%2Fv2%2Fcomments&post=851"}],"version-history":[{"count":7,"href":"https:\/\/dynamoseyring.at\/index.php?rest_route=\/wp\/v2\/pages\/851\/revisions"}],"predecessor-version":[{"id":866,"href":"https:\/\/dynamoseyring.at\/index.php?rest_route=\/wp\/v2\/pages\/851\/revisions\/866"}],"wp:attachment":[{"href":"https:\/\/dynamoseyring.at\/index.php?rest_route=%2Fwp%2Fv2%2Fmedia&parent=851"}],"curies":[{"name":"wp","href":"https:\/\/api.w.org\/{rel}","templated":true}]}}