{"id":836,"date":"2023-11-12T09:07:15","date_gmt":"2023-11-12T09:07:15","guid":{"rendered":"https:\/\/dynamoseyring.at\/?page_id=836"},"modified":"2023-11-28T11:46:07","modified_gmt":"2023-11-28T11:46:07","slug":"terminvorschau-wintersaison-2023-2024","status":"publish","type":"page","link":"https:\/\/dynamoseyring.at\/?page_id=836","title":{"rendered":"Terminvorschau Saison 2023\/2024"},"content":{"rendered":"\n<h2 class=\"wp-block-heading\">Weinviertler Winterlaufserie<\/h2>\n\n\n\n<div class=\"wp-block-group\"><div class=\"wp-block-group__inner-container is-layout-constrained wp-block-group-is-layout-constrained\">\n<div class=\"wp-block-group is-vertical is-layout-flex wp-container-core-group-is-layout-8cf370e7 wp-block-group-is-layout-flex\">\n<figure class=\"wp-block-table is-style-regular\"><table><tbody><tr><td>25. November 2023<\/td><td>Deutsch Wagram inkl. Kinder\/Jugendl\u00e4ufe<\/td><\/tr><tr><td>8. Dezember 2023<\/td><td>Erdpress<\/td><\/tr><tr><td>31. Dezember 2023<\/td><td>Poysdorf<\/td><\/tr><tr><td>7. J\u00e4nner 2024<\/td><td>Ulrichskirchen inkl. Kinder\/Jugendl\u00e4ufe<\/td><\/tr><tr><td>13. J\u00e4nner 2024<\/td><td>Mistelbach inkl. Kinder\/Jugendl\u00e4ufe<\/td><\/tr><tr><td>20. J\u00e4nner 2024<\/td><td>Gro\u00dfru\u00dfbach<\/td><\/tr><\/tbody><\/table><\/figure>\n<\/div>\n<\/div><\/div>\n\n\n\n<p>Cupsiegerehrung am 20. J\u00e4nner 2024 in Gro\u00dfru\u00dfbach<\/p>\n\n\n\n<div class=\"wp-block-buttons is-layout-flex wp-block-buttons-is-layout-flex\">\n<div class=\"wp-block-button\"><a class=\"wp-block-button__link wp-element-button\" href=\"https:\/\/www.weinviertlerlaufcup.at\/www\/wp-content\/uploads\/2023\/10\/Winterlaufserie-2023-2024.pdf\" target=\"_blank\" rel=\"noreferrer noopener\">mehr Infos<\/a><\/div>\n<\/div>\n\n\n\n<p class=\"has-black-color has-text-color has-link-color wp-elements-402d8ea467a4048546ff90e9963ae879\">Leerraum<\/p>\n\n\n\n<h2 class=\"wp-block-heading\">DorfArenaLauf 2024<\/h2>\n\n\n\n<div class=\"wp-block-columns is-layout-flex wp-container-core-columns-is-layout-9d6595d7 wp-block-columns-is-layout-flex\">\n<div class=\"wp-block-column is-layout-flow wp-block-column-is-layout-flow\" style=\"flex-basis:100%\">\n<div class=\"wp-block-group is-vertical is-layout-flex wp-container-core-group-is-layout-8cf370e7 wp-block-group-is-layout-flex\">\n<figure class=\"wp-block-table is-style-regular\"><table><tbody><tr><td>15. Juni 2024<\/td><td>Seyring, Schlosspark<\/td><\/tr><\/tbody><\/table><\/figure>\n<\/div>\n<\/div>\n<\/div>\n\n\n\n<div class=\"wp-block-buttons is-layout-flex wp-block-buttons-is-layout-flex\">\n<div class=\"wp-block-button\"><a class=\"wp-block-button__link wp-element-button\" href=\"https:\/\/dorfarenalauf.at\/\" target=\"_blank\" rel=\"noreferrer noopener\">Info Dorfarenalauf<\/a><\/div>\n<\/div>\n\n\n\n<p class=\"has-black-color has-text-color has-link-color wp-elements-402d8ea467a4048546ff90e9963ae879\">Leerraum<\/p>\n\n\n\n<h2 class=\"wp-block-heading\">Austria Charity Run 2024<\/h2>\n\n\n\n<div class=\"wp-block-columns is-layout-flex wp-container-core-columns-is-layout-9d6595d7 wp-block-columns-is-layout-flex\">\n<div class=\"wp-block-column is-layout-flow wp-block-column-is-layout-flow\" style=\"flex-basis:100%\">\n<div class=\"wp-block-group is-vertical is-layout-flex wp-container-core-group-is-layout-8cf370e7 wp-block-group-is-layout-flex\">\n<figure class=\"wp-block-table is-style-regular\"><table><tbody><tr><td>8. September 2024<\/td><td>Gerasdorf, Badeteich<\/td><\/tr><\/tbody><\/table><\/figure>\n<\/div>\n<\/div>\n<\/div>\n\n\n\n<h2 class=\"wp-block-heading\">Weinviertler Raiffeisen Laufcup Saison 2024<\/h2>\n\n\n\n<p><\/p>\n\n\n\n<div class=\"wp-block-group\"><div class=\"wp-block-group__inner-container is-layout-constrained wp-block-group-is-layout-constrained\">\n<div class=\"wp-block-columns is-layout-flex wp-container-core-columns-is-layout-9d6595d7 wp-block-columns-is-layout-flex\">\n<div class=\"wp-block-column is-layout-flow wp-block-column-is-layout-flow\" style=\"flex-basis:100%\">\n<div class=\"wp-block-group is-vertical is-layout-flex wp-container-core-group-is-layout-8cf370e7 wp-block-group-is-layout-flex\">\n<div class=\"wp-block-group is-vertical is-layout-flex wp-container-core-group-is-layout-8cf370e7 wp-block-group-is-layout-flex\">\n<figure class=\"wp-block-table is-style-regular\"><table><tbody><tr><td>13. April 2024<\/td><td>Spannberg<\/td><\/tr><tr><td>11. Mai 2024<\/td><td>Falkenstein<\/td><\/tr><tr><td>20. Mai 2024<\/td><td>Mistelbach<\/td><\/tr><tr><td>1. Juni 2024<\/td><td>Wolkersdorf<\/td><\/tr><tr><td>8. Juni 2024<\/td><td>Deutsch Wagram<\/td><\/tr><tr><td>22. Juni 2024<\/td><td>Rabenburg<\/td><\/tr><tr><td>29. Juni 2024<\/td><td>Hohenau<\/td><\/tr><tr><td>6. Juli 2024<\/td><td>Drasenhofen<\/td><\/tr><tr><td>31. August 2024<\/td><td>Gro\u00dfkrut<\/td><\/tr><tr><td>15. September 2024<\/td><td>Asparn\/Grafensulz<\/td><\/tr><tr><td>21. September 2024<\/td><td>Gerasdorf<\/td><\/tr><tr><td>5. Oktober 2024<\/td><td>Poysdorf<\/td><\/tr><tr><td>12. Oktober 2024<\/td><td>Strasshof<\/td><\/tr><\/tbody><\/table><\/figure>\n<\/div>\n<\/div>\n<\/div>\n<\/div>\n<\/div><\/div>\n\n\n\n<div class=\"wp-block-buttons is-layout-flex wp-block-buttons-is-layout-flex\">\n<div class=\"wp-block-button\"><a class=\"wp-block-button__link wp-element-button\" href=\"https:\/\/www.weinviertlerlaufcup.at\/\" target=\"_blank\" rel=\"noreferrer noopener\">mehr Info<\/a><\/div>\n<\/div>\n","protected":false},"excerpt":{"rendered":"<p>Weinviertler Winterlaufserie 25. November 2023 Deutsch Wagram inkl. Kinder\/Jugendl\u00e4ufe 8. Dezember 2023 Erdpress 31. Dezember 2023 Poysdorf 7. J\u00e4nner 2024 Ulrichskirchen inkl. Kinder\/Jugendl\u00e4ufe 13. J\u00e4nner 2024 Mistelbach inkl. Kinder\/Jugendl\u00e4ufe 20. J\u00e4nner 2024 Gro\u00dfru\u00dfbach Cupsiegerehrung am 20. J\u00e4nner 2024 in Gro\u00dfru\u00dfbach Leerraum DorfArenaLauf 2024 15. Juni 2024 Seyring, Schlosspark Leerraum Austria&#8230;<\/p>\n","protected":false},"author":6,"featured_media":0,"parent":0,"menu_order":0,"comment_status":"closed","ping_status":"closed","template":"","meta":{"footnotes":""},"class_list":["post-836","page","type-page","status-publish","hentry"],"_links":{"self":[{"href":"https:\/\/dynamoseyring.at\/index.php?rest_route=\/wp\/v2\/pages\/836","targetHints":{"allow":["GET"]}}],"collection":[{"href":"https:\/\/dynamoseyring.at\/index.php?rest_route=\/wp\/v2\/pages"}],"about":[{"href":"https:\/\/dynamoseyring.at\/index.php?rest_route=\/wp\/v2\/types\/page"}],"author":[{"embeddable":true,"href":"https:\/\/dynamoseyring.at\/index.php?rest_route=\/wp\/v2\/users\/6"}],"replies":[{"embeddable":true,"href":"https:\/\/dynamoseyring.at\/index.php?rest_route=%2Fwp%2Fv2%2Fcomments&post=836"}],"version-history":[{"count":33,"href":"https:\/\/dynamoseyring.at\/index.php?rest_route=\/wp\/v2\/pages\/836\/revisions"}],"predecessor-version":[{"id":1090,"href":"https:\/\/dynamoseyring.at\/index.php?rest_route=\/wp\/v2\/pages\/836\/revisions\/1090"}],"wp:attachment":[{"href":"https:\/\/dynamoseyring.at\/index.php?rest_route=%2Fwp%2Fv2%2Fmedia&parent=836"}],"curies":[{"name":"wp","href":"https:\/\/api.w.org\/{rel}","templated":true}]}}